{"id":759,"date":"2025-12-31T06:42:08","date_gmt":"2025-12-31T05:42:08","guid":{"rendered":"https:\/\/abrapix.com\/home\/"},"modified":"2026-04-16T11:37:09","modified_gmt":"2026-04-16T09:37:09","slug":"home","status":"publish","type":"page","link":"https:\/\/abrapix.com\/nl\/","title":{"rendered":"Home"},"content":{"rendered":"","protected":false},"excerpt":{"rendered":"","protected":false},"author":1,"featured_media":1188,"parent":0,"menu_order":-1,"comment_status":"closed","ping_status":"closed","template":"page-templates\/template-home.php","meta":{"_acf_changed":false,"footnotes":""},"class_list":["post-759","page","type-page","status-publish","has-post-thumbnail","hentry"],"acf":[],"yoast_head":"<title>Home - Abrapix<\/title>\n<meta name=\"description\" content=\"Verander \u00e9\u00e9n productfoto in complete beeldset voor webshop, marktplaatsen en campagnes. Geen fotoshoots nodig.\" \/>\n<meta name=\"robots\" content=\"index, follow, max-snippet:-1, max-image-preview:large, max-video-preview:-1\" \/>\n<link rel=\"canonical\" href=\"https:\/\/abrapix.com\/nl\/\" \/>\n<meta property=\"og:locale\" content=\"nl_NL\" \/>\n<meta property=\"og:type\" content=\"article\" \/>\n<meta property=\"og:title\" content=\"E\u00e9n foto. Volledige set.\" \/>\n<meta property=\"og:description\" content=\"Verander \u00e9\u00e9n productfoto in een complete set afbeeldingen voor webshops, marktplaatsen en campagnes. Geen fotoshoots nodig.\" \/>\n<meta property=\"og:url\" content=\"https:\/\/abrapix.com\/nl\/\" \/>\n<meta property=\"og:site_name\" content=\"Abrapix\" \/>\n<meta property=\"article:modified_time\" content=\"2026-04-16T09:37:09+00:00\" \/>\n<meta property=\"og:image\" content=\"https:\/\/abrapix.com\/wp-content\/uploads\/2026\/04\/Abrapix-WebBanner-1200x675-1-1024x576.jpg\" \/>\n<meta name=\"twitter:card\" content=\"summary_large_image\" \/>\n<meta name=\"twitter:title\" content=\"E\u00e9n foto. Volledige set.\" \/>\n<meta name=\"twitter:description\" content=\"Verander \u00e9\u00e9n productfoto in een complete set afbeeldingen voor webshops, marktplaatsen en campagnes. Geen fotoshoots nodig.\" \/>\n<meta name=\"twitter:image\" content=\"https:\/\/abrapix.com\/wp-content\/uploads\/2026\/04\/Abrapix-WebBanner-1200x675-1-1024x576.jpg\" \/>\n<script type=\"application\/ld+json\" class=\"yoast-schema-graph\">{\"@context\":\"https:\\\/\\\/schema.org\",\"@graph\":[{\"@type\":\"WebPage\",\"@id\":\"https:\\\/\\\/abrapix.com\\\/nl\\\/\",\"url\":\"https:\\\/\\\/abrapix.com\\\/nl\\\/\",\"name\":\"Home - Abrapix\",\"isPartOf\":{\"@id\":\"https:\\\/\\\/abrapix.com\\\/nl\\\/#website\"},\"primaryImageOfPage\":{\"@id\":\"https:\\\/\\\/abrapix.com\\\/nl\\\/#primaryimage\"},\"image\":{\"@id\":\"https:\\\/\\\/abrapix.com\\\/nl\\\/#primaryimage\"},\"thumbnailUrl\":\"https:\\\/\\\/abrapix.com\\\/wp-content\\\/uploads\\\/2026\\\/04\\\/Abrapix-WebBanner-1200x675-1.jpg\",\"datePublished\":\"2025-12-31T05:42:08+00:00\",\"dateModified\":\"2026-04-16T09:37:09+00:00\",\"description\":\"Verander \u00e9\u00e9n productfoto in complete beeldset voor webshop, marktplaatsen en campagnes. Geen fotoshoots nodig.\",\"breadcrumb\":{\"@id\":\"https:\\\/\\\/abrapix.com\\\/nl\\\/#breadcrumb\"},\"inLanguage\":\"nl-NL\",\"potentialAction\":[{\"@type\":\"ReadAction\",\"target\":[\"https:\\\/\\\/abrapix.com\\\/nl\\\/\"]}]},{\"@type\":\"ImageObject\",\"inLanguage\":\"nl-NL\",\"@id\":\"https:\\\/\\\/abrapix.com\\\/nl\\\/#primaryimage\",\"url\":\"https:\\\/\\\/abrapix.com\\\/wp-content\\\/uploads\\\/2026\\\/04\\\/Abrapix-WebBanner-1200x675-1.jpg\",\"contentUrl\":\"https:\\\/\\\/abrapix.com\\\/wp-content\\\/uploads\\\/2026\\\/04\\\/Abrapix-WebBanner-1200x675-1.jpg\",\"width\":1200,\"height\":675,\"caption\":\"Create product images without a photoshoot\"},{\"@type\":\"BreadcrumbList\",\"@id\":\"https:\\\/\\\/abrapix.com\\\/nl\\\/#breadcrumb\",\"itemListElement\":[{\"@type\":\"ListItem\",\"position\":1,\"name\":\"Home\",\"item\":\"https:\\\/\\\/abrapix.com\\\/nl\\\/home\\\/\"},{\"@type\":\"ListItem\",\"position\":2,\"name\":\"Home\"}]},{\"@type\":\"WebSite\",\"@id\":\"https:\\\/\\\/abrapix.com\\\/nl\\\/#website\",\"url\":\"https:\\\/\\\/abrapix.com\\\/nl\\\/\",\"name\":\"Abrapix\",\"description\":\"Transformeer eenvoudige productafbeeldingen in stijlvolle lifestylefoto&#039;s met AI. Direct, prachtig en zonder professionele studio. Zo simpel is het!\",\"publisher\":{\"@id\":\"https:\\\/\\\/abrapix.com\\\/nl\\\/#organization\"},\"potentialAction\":[{\"@type\":\"SearchAction\",\"target\":{\"@type\":\"EntryPoint\",\"urlTemplate\":\"https:\\\/\\\/abrapix.com\\\/nl\\\/?s={search_term_string}\"},\"query-input\":{\"@type\":\"PropertyValueSpecification\",\"valueRequired\":true,\"valueName\":\"search_term_string\"}}],\"inLanguage\":\"nl-NL\"},{\"@type\":\"Organization\",\"@id\":\"https:\\\/\\\/abrapix.com\\\/nl\\\/#organization\",\"name\":\"Abrapix\",\"url\":\"https:\\\/\\\/abrapix.com\\\/nl\\\/\",\"logo\":{\"@type\":\"ImageObject\",\"inLanguage\":\"nl-NL\",\"@id\":\"https:\\\/\\\/abrapix.com\\\/nl\\\/#\\\/schema\\\/logo\\\/image\\\/\",\"url\":\"https:\\\/\\\/abrapix.com\\\/wp-content\\\/uploads\\\/2026\\\/04\\\/abrapix-site-logo.jpg\",\"contentUrl\":\"https:\\\/\\\/abrapix.com\\\/wp-content\\\/uploads\\\/2026\\\/04\\\/abrapix-site-logo.jpg\",\"width\":696,\"height\":696,\"caption\":\"Abrapix\"},\"image\":{\"@id\":\"https:\\\/\\\/abrapix.com\\\/nl\\\/#\\\/schema\\\/logo\\\/image\\\/\"},\"sameAs\":[\"https:\\\/\\\/www.linkedin.com\\\/company\\\/abrapix\\\/\",\"https:\\\/\\\/www.instagram.com\\\/abrapixai\\\/\"]}]}<\/script>","yoast_head_json":{"title":"Home - Abrapix","description":"Verander \u00e9\u00e9n productfoto in complete beeldset voor webshop, marktplaatsen en campagnes. Geen fotoshoots nodig.","robots":{"index":"index","follow":"follow","max-snippet":"max-snippet:-1","max-image-preview":"max-image-preview:large","max-video-preview":"max-video-preview:-1"},"canonical":"https:\/\/abrapix.com\/nl\/","og_locale":"nl_NL","og_type":"article","og_title":"E\u00e9n foto. Volledige set.","og_description":"Verander \u00e9\u00e9n productfoto in een complete set afbeeldingen voor webshops, marktplaatsen en campagnes. Geen fotoshoots nodig.","og_url":"https:\/\/abrapix.com\/nl\/","og_site_name":"Abrapix","article_modified_time":"2026-04-16T09:37:09+00:00","og_image":[{"url":"https:\/\/abrapix.com\/wp-content\/uploads\/2026\/04\/Abrapix-WebBanner-1200x675-1-1024x576.jpg","type":"","width":"","height":""}],"twitter_card":"summary_large_image","twitter_title":"E\u00e9n foto. Volledige set.","twitter_description":"Verander \u00e9\u00e9n productfoto in een complete set afbeeldingen voor webshops, marktplaatsen en campagnes. Geen fotoshoots nodig.","twitter_image":"https:\/\/abrapix.com\/wp-content\/uploads\/2026\/04\/Abrapix-WebBanner-1200x675-1-1024x576.jpg","schema":{"@context":"https:\/\/schema.org","@graph":[{"@type":"WebPage","@id":"https:\/\/abrapix.com\/nl\/","url":"https:\/\/abrapix.com\/nl\/","name":"Home - Abrapix","isPartOf":{"@id":"https:\/\/abrapix.com\/nl\/#website"},"primaryImageOfPage":{"@id":"https:\/\/abrapix.com\/nl\/#primaryimage"},"image":{"@id":"https:\/\/abrapix.com\/nl\/#primaryimage"},"thumbnailUrl":"https:\/\/abrapix.com\/wp-content\/uploads\/2026\/04\/Abrapix-WebBanner-1200x675-1.jpg","datePublished":"2025-12-31T05:42:08+00:00","dateModified":"2026-04-16T09:37:09+00:00","description":"Verander \u00e9\u00e9n productfoto in complete beeldset voor webshop, marktplaatsen en campagnes. Geen fotoshoots nodig.","breadcrumb":{"@id":"https:\/\/abrapix.com\/nl\/#breadcrumb"},"inLanguage":"nl-NL","potentialAction":[{"@type":"ReadAction","target":["https:\/\/abrapix.com\/nl\/"]}]},{"@type":"ImageObject","inLanguage":"nl-NL","@id":"https:\/\/abrapix.com\/nl\/#primaryimage","url":"https:\/\/abrapix.com\/wp-content\/uploads\/2026\/04\/Abrapix-WebBanner-1200x675-1.jpg","contentUrl":"https:\/\/abrapix.com\/wp-content\/uploads\/2026\/04\/Abrapix-WebBanner-1200x675-1.jpg","width":1200,"height":675,"caption":"Create product images without a photoshoot"},{"@type":"BreadcrumbList","@id":"https:\/\/abrapix.com\/nl\/#breadcrumb","itemListElement":[{"@type":"ListItem","position":1,"name":"Home","item":"https:\/\/abrapix.com\/nl\/home\/"},{"@type":"ListItem","position":2,"name":"Home"}]},{"@type":"WebSite","@id":"https:\/\/abrapix.com\/nl\/#website","url":"https:\/\/abrapix.com\/nl\/","name":"Abrapix","description":"Transformeer eenvoudige productafbeeldingen in stijlvolle lifestylefoto&#039;s met AI. Direct, prachtig en zonder professionele studio. Zo simpel is het!","publisher":{"@id":"https:\/\/abrapix.com\/nl\/#organization"},"potentialAction":[{"@type":"SearchAction","target":{"@type":"EntryPoint","urlTemplate":"https:\/\/abrapix.com\/nl\/?s={search_term_string}"},"query-input":{"@type":"PropertyValueSpecification","valueRequired":true,"valueName":"search_term_string"}}],"inLanguage":"nl-NL"},{"@type":"Organization","@id":"https:\/\/abrapix.com\/nl\/#organization","name":"Abrapix","url":"https:\/\/abrapix.com\/nl\/","logo":{"@type":"ImageObject","inLanguage":"nl-NL","@id":"https:\/\/abrapix.com\/nl\/#\/schema\/logo\/image\/","url":"https:\/\/abrapix.com\/wp-content\/uploads\/2026\/04\/abrapix-site-logo.jpg","contentUrl":"https:\/\/abrapix.com\/wp-content\/uploads\/2026\/04\/abrapix-site-logo.jpg","width":696,"height":696,"caption":"Abrapix"},"image":{"@id":"https:\/\/abrapix.com\/nl\/#\/schema\/logo\/image\/"},"sameAs":["https:\/\/www.linkedin.com\/company\/abrapix\/","https:\/\/www.instagram.com\/abrapixai\/"]}]}},"_links":{"self":[{"href":"https:\/\/abrapix.com\/nl\/wp-json\/wp\/v2\/pages\/759","targetHints":{"allow":["GET"]}}],"collection":[{"href":"https:\/\/abrapix.com\/nl\/wp-json\/wp\/v2\/pages"}],"about":[{"href":"https:\/\/abrapix.com\/nl\/wp-json\/wp\/v2\/types\/page"}],"author":[{"embeddable":true,"href":"https:\/\/abrapix.com\/nl\/wp-json\/wp\/v2\/users\/1"}],"replies":[{"embeddable":true,"href":"https:\/\/abrapix.com\/nl\/wp-json\/wp\/v2\/comments?post=759"}],"version-history":[{"count":19,"href":"https:\/\/abrapix.com\/nl\/wp-json\/wp\/v2\/pages\/759\/revisions"}],"predecessor-version":[{"id":1177,"href":"https:\/\/abrapix.com\/nl\/wp-json\/wp\/v2\/pages\/759\/revisions\/1177"}],"wp:featuredmedia":[{"embeddable":true,"href":"https:\/\/abrapix.com\/nl\/wp-json\/wp\/v2\/media\/1188"}],"wp:attachment":[{"href":"https:\/\/abrapix.com\/nl\/wp-json\/wp\/v2\/media?parent=759"}],"curies":[{"name":"wp","href":"https:\/\/api.w.org\/{rel}","templated":true}]}}